{"id":7,"date":"2015-12-02T10:48:37","date_gmt":"2015-12-02T07:48:37","guid":{"rendered":"http:\/\/theme-fusion.com\/avada\/university\/?page_id=7"},"modified":"2022-11-07T10:05:18","modified_gmt":"2022-11-07T07:05:18","slug":"yom-scada","status":"publish","type":"page","link":"https:\/\/yomscada.com\/","title":{"rendered":"ANA SAYFA"},"content":{"rendered":"<div class=\"fusion-fullwidth fullwidth-box fusion-builder-row-1 nonhundred-percent-fullwidth non-hundred-percent-height-scrolling\"  style='background-color: #ffffff;background-position: left top;background-repeat: no-repeat;padding-top:5px;padding-right:0px;padding-bottom:5px;padding-left:0px;'><div class=\"fusion-builder-row fusion-row \"><div  class=\"fusion-layout-column fusion_builder_column fusion_builder_column_1_6 fusion-builder-column-1 fusion-one-sixth fusion-column-first fusion-no-small-visibility 1_6\"  style='margin-top:10px;margin-bottom:10px;width:13.3333%; margin-right: 4%;'>\n\t\t\t\t\t<div class=\"fusion-column-wrapper\" style=\"padding: 0px 0px 0px 0px;background-position:left top;background-repeat:no-repeat;-webkit-background-size:cover;-moz-background-size:cover;-o-background-size:cover;background-size:cover;\"   data-bg-url=\"\">\n\t\t\t\t\t\t<div class=\"fusion-clearfix\"><\/div>\n\n\t\t\t\t\t<\/div>\n\t\t\t\t<\/div><div  class=\"fusion-layout-column fusion_builder_column fusion_builder_column_2_3 fusion-builder-column-2 fusion-two-third 2_3\"  style='margin-top:10px;margin-bottom:10px;width:65.3333%; margin-right: 4%;'>\n\t\t\t\t\t<div class=\"fusion-column-wrapper\" style=\"padding: 0px 0px 0px 0px;background-position:left top;background-repeat:no-repeat;-webkit-background-size:cover;-moz-background-size:cover;-o-background-size:cover;background-size:cover;\"   data-bg-url=\"\">\n\t\t\t\t\t\t<style type=\"text\/css\">@media only screen and (max-width:1000px) {.fusion-title.fusion-title-1{margin-top:10px!important;margin-bottom:20px!important;}}<\/style><div class=\"fusion-title title fusion-title-1 fusion-sep-none fusion-title-center fusion-title-text fusion-title-size-two\" style=\"margin-top:0px;margin-bottom:20px;\"><h2 class=\"title-heading-center\" style=\"margin:0;\"><p style=\"text-align: center;\">Smart Automation Software<\/p><\/h2><\/div><div class=\"fusion-text\"><p style=\"text-align: center;\">\u00d6l\u00e7emedi\u011finizi y\u00f6netemezsiniz. Yom Lab sistemleri ile hem \u00f6l\u00e7er hem de y\u00f6netirsiniz.<\/p>\n<\/div><div class=\"fusion-sep-clear\"><\/div><div class=\"fusion-separator sep-single sep-solid\" style=\"border-color:#ef9a3d;border-top-width:1px;margin-left: auto;margin-right: auto;margin-top:5px;margin-bottom:10px;width:100%;max-width:170px;\"><\/div><div class=\"fusion-clearfix\"><\/div>\n\n\t\t\t\t\t<\/div>\n\t\t\t\t<\/div><div  class=\"fusion-layout-column fusion_builder_column fusion_builder_column_1_6 fusion-builder-column-3 fusion-one-sixth fusion-column-last fusion-no-small-visibility 1_6\"  style='margin-top:10px;margin-bottom:10px;width:13.3333%'>\n\t\t\t\t\t<div class=\"fusion-column-wrapper\" style=\"padding: 0px 0px 0px 0px;background-position:left top;background-repeat:no-repeat;-webkit-background-size:cover;-moz-background-size:cover;-o-background-size:cover;background-size:cover;\"   data-bg-url=\"\">\n\t\t\t\t\t\t<div class=\"fusion-clearfix\"><\/div>\n\n\t\t\t\t\t<\/div>\n\t\t\t\t<\/div><div  class=\"fusion-layout-column fusion_builder_column fusion_builder_column_1_1 fusion-builder-column-4 fusion-one-full fusion-column-first fusion-column-last 1_1\"  style='margin-top:10px;margin-bottom:10px;'>\n\t\t\t\t\t<div class=\"fusion-column-wrapper\" style=\"padding: 0px 0px 0px 0px;background-position:left top;background-repeat:no-repeat;-webkit-background-size:cover;-moz-background-size:cover;-o-background-size:cover;background-size:cover;\"   data-bg-url=\"\">\n\t\t\t\t\t\t<div class=\"fusion-column-content-centered\"><div class=\"fusion-column-content\"><style type=\"text\/css\">@media only screen and (max-width:1000px) {.fusion-title.fusion-title-2{margin-top:10px!important;margin-bottom:20px!important;}}<\/style><div class=\"fusion-title title fusion-title-2 fusion-sep-none fusion-title-text fusion-title-size-three\" style=\"margin-top:30px;margin-bottom:20px;\"><h3 class=\"title-heading-left\" style=\"margin:0;\"><p style=\"text-align: center;\">YOMLAB<\/p><\/h3><\/div><\/div><\/div><div class=\"fusion-clearfix\"><\/div>\n\n\t\t\t\t\t<\/div>\n\t\t\t\t<\/div><div  class=\"fusion-layout-column fusion_builder_column fusion_builder_column_1_5 fusion-builder-column-5 fusion-one-fifth fusion-column-first 1_5\"  style='margin-top:5%;margin-bottom:40px;width:20%;width:calc(20% - ( ( 5% + 5% ) * 0.2 ) );margin-right: 5%;'>\n\t\t\t\t\t<div class=\"fusion-column-wrapper\" style=\"padding: 0px 0px 0px 0px;background-position:left top;background-repeat:no-repeat;-webkit-background-size:cover;-moz-background-size:cover;-o-background-size:cover;background-size:cover;\"   data-bg-url=\"\">\n\t\t\t\t\t\t<div class=\"fusion-column-content-centered\"><div class=\"fusion-column-content\"><\/div><\/div><div class=\"fusion-clearfix\"><\/div>\n\n\t\t\t\t\t<\/div>\n\t\t\t\t<\/div><div  class=\"fusion-layout-column fusion_builder_column fusion_builder_column_3_5 fusion-builder-column-6 fusion-three-fifth 3_5\"  style='margin-top:10px;margin-bottom:10px;width:60%;width:calc(60% - ( ( 5% + 5% ) * 0.6 ) );margin-right: 5%;'>\n\t\t\t\t\t<div class=\"fusion-column-wrapper\" style=\"padding: 0px 0px 0px 0px;background-position:left top;background-repeat:no-repeat;-webkit-background-size:cover;-moz-background-size:cover;-o-background-size:cover;background-size:cover;\"   data-bg-url=\"\">\n\t\t\t\t\t\t<div class=\"fusion-column-content-centered\"><div class=\"fusion-column-content\"><div class=\"fusion-text\"><p style=\"text-align: justify;\">Firmam\u0131z,\u00a0<u>YOMLAB markas\u0131n\u0131n, YOM SCADA &amp; Report yerli yaz\u0131l\u0131m \u00fcreticisidir.<\/u>\u00a0Bununla birlikte end\u00fcstriyel otomasyon yaz\u0131l\u0131m \u00fcr\u00fcnleri ile ilgili sat\u0131\u015f, proje dan\u0131\u015fmanl\u0131k ve e\u011fitim hizmetleri vermekteyiz.<br \/>\nBir \u00e7ok alanda i\u015f yapan firmalar\u0131n ortak ihtiya\u00e7lar\u0131 g\u00f6z \u00f6n\u00fcn\u00fcne al\u0131narak ve y\u0131llar\u0131n tecr\u00fcbesi ile geli\u015ftirilen otomasyon yaz\u0131l\u0131mlar\u0131m\u0131z\u0131 sunmaktan gurur duyuyoruz.<br \/>\nProgramlar\u0131m\u0131z\u0131n h\u0131zl\u0131, kolay ve esnek yap\u0131s\u0131 sayesinde projelerinizi k\u0131sa s\u00fcrelerde bitireceksiniz. Di\u011fer programlar\u0131n aksine kullan\u0131c\u0131y\u0131 basit bir aray\u00fcze hapsetmez. Programlar\u0131m\u0131z anla\u015f\u0131l\u0131r ve i\u015flerinizi kolay y\u00f6netmeye dayal\u0131 bir mant\u0131k \u00e7er\u00e7evesinde geli\u015ftirilmi\u015ftir.<br \/>\nWindows i\u015fletim sistemlerinde \u00e7al\u0131\u015fabilmekte olan programlar\u0131m\u0131z; bir \u00e7ok end\u00fcstiriyel otomasyon protokolleri ve veritaban\u0131yla(IEC 60870 101-\u00a0IEC 60870 104- IEC 61850-DNP3 Slave &#8211; DNP3 Master &#8211; Modbus &#8211; TCP Modbus &#8211; IEC OPC Server- OPC UA Client- OPC DCOM Client)\u00a0 \u00a0birlikte \u00e7al\u0131\u015fabilmektedir.<br \/>\nIEC 101 , 104 , DNP3 , 61850, MMS Master ve Slave IEC yaz\u0131l\u0131mlar i\u00e7erisinde haz\u0131r OPC Server yaz\u0131l\u0131m\u0131 bulunmaktad\u0131r.<\/p>\n<p>Reaktif G\u00fcc Veri Kayit Sistemi(RGVK), Frekans Kontrol Veri Kay\u0131t Sistemi(FKVK)\u00a0 ve RES Ritm Sistemi\u00a0 i\u00e7in geli\u015ftirdi\u011fimiz yaz\u0131l\u0131mlar\u0131m\u0131z TEIA\u015e \u015fartnamesine tam uyumludur.<\/p>\n<\/div><\/div><\/div><div class=\"fusion-clearfix\"><\/div>\n\n\t\t\t\t\t<\/div>\n\t\t\t\t<\/div><div  class=\"fusion-layout-column fusion_builder_column fusion_builder_column_1_5 fusion-builder-column-7 fusion-one-fifth fusion-column-last 1_5\"  style='margin-top:5%;margin-bottom:40px;width:20%;width:calc(20% - ( ( 5% + 5% ) * 0.2 ) );'>\n\t\t\t\t\t<div class=\"fusion-column-wrapper\" style=\"padding: 0px 0px 0px 0px;background-position:left top;background-repeat:no-repeat;-webkit-background-size:cover;-moz-background-size:cover;-o-background-size:cover;background-size:cover;\"   data-bg-url=\"\">\n\t\t\t\t\t\t<div class=\"fusion-column-content-centered\"><div class=\"fusion-column-content\"><\/div><\/div><div class=\"fusion-clearfix\"><\/div>\n\n\t\t\t\t\t<\/div>\n\t\t\t\t<\/div><\/div><\/div>\n","protected":false},"excerpt":{"rendered":"","protected":false},"author":1,"featured_media":0,"parent":0,"menu_order":1,"comment_status":"closed","ping_status":"closed","template":"100-width.php","meta":[],"yoast_head":"<!-- This site is optimized with the Yoast SEO plugin v19.9 - https:\/\/yoast.com\/wordpress\/plugins\/seo\/ -->\n<title>ANA SAYFA - YOMLAB SCADA Technologies<\/title>\n<meta name=\"robots\" content=\"index, follow, max-snippet:-1, max-image-preview:large, max-video-preview:-1\" \/>\n<link rel=\"canonical\" href=\"https:\/\/yomscada.com\/\" \/>\n<meta property=\"og:locale\" content=\"tr_TR\" \/>\n<meta property=\"og:type\" content=\"article\" \/>\n<meta property=\"og:title\" content=\"ANA SAYFA - YOMLAB SCADA Technologies\" \/>\n<meta property=\"og:url\" content=\"https:\/\/yomscada.com\/\" \/>\n<meta property=\"og:site_name\" content=\"YOMLAB SCADA Technologies\" \/>\n<meta property=\"article:modified_time\" content=\"2022-11-07T07:05:18+00:00\" \/>\n<meta name=\"twitter:card\" content=\"summary_large_image\" \/>\n<meta name=\"twitter:label1\" content=\"Tahmini okuma s\u00fcresi\" \/>\n\t<meta name=\"twitter:data1\" content=\"4 dakika\" \/>\n<script type=\"application\/ld+json\" class=\"yoast-schema-graph\">{\"@context\":\"https:\/\/schema.org\",\"@graph\":[{\"@type\":\"WebPage\",\"@id\":\"https:\/\/yomscada.com\/\",\"url\":\"https:\/\/yomscada.com\/\",\"name\":\"ANA SAYFA - YOMLAB SCADA Technologies\",\"isPartOf\":{\"@id\":\"https:\/\/yomscada.com\/#website\"},\"datePublished\":\"2015-12-02T07:48:37+00:00\",\"dateModified\":\"2022-11-07T07:05:18+00:00\",\"breadcrumb\":{\"@id\":\"https:\/\/yomscada.com\/#breadcrumb\"},\"inLanguage\":\"tr\",\"potentialAction\":[{\"@type\":\"ReadAction\",\"target\":[\"https:\/\/yomscada.com\/\"]}]},{\"@type\":\"BreadcrumbList\",\"@id\":\"https:\/\/yomscada.com\/#breadcrumb\",\"itemListElement\":[{\"@type\":\"ListItem\",\"position\":1,\"name\":\"Ana sayfa\",\"item\":\"https:\/\/yomscada.com\/\"},{\"@type\":\"ListItem\",\"position\":2,\"name\":\"ANA SAYFA\"}]},{\"@type\":\"WebSite\",\"@id\":\"https:\/\/yomscada.com\/#website\",\"url\":\"https:\/\/yomscada.com\/\",\"name\":\"YOMLAB SCADA Technologies\",\"description\":\"YOM SCADA and Report Technologies\",\"publisher\":{\"@id\":\"https:\/\/yomscada.com\/#organization\"},\"potentialAction\":[{\"@type\":\"SearchAction\",\"target\":{\"@type\":\"EntryPoint\",\"urlTemplate\":\"https:\/\/yomscada.com\/?s={search_term_string}\"},\"query-input\":\"required name=search_term_string\"}],\"inLanguage\":\"tr\"},{\"@type\":\"Organization\",\"@id\":\"https:\/\/yomscada.com\/#organization\",\"name\":\"YOMLAB SCADA Technologies\",\"url\":\"https:\/\/yomscada.com\/\",\"logo\":{\"@type\":\"ImageObject\",\"inLanguage\":\"tr\",\"@id\":\"https:\/\/yomscada.com\/#\/schema\/logo\/image\/\",\"url\":\"https:\/\/i0.wp.com\/yomscada.com\/wp-content\/uploads\/2021\/01\/yom_mobile_logo.png?fit=376%2C114&ssl=1\",\"contentUrl\":\"https:\/\/i0.wp.com\/yomscada.com\/wp-content\/uploads\/2021\/01\/yom_mobile_logo.png?fit=376%2C114&ssl=1\",\"width\":376,\"height\":114,\"caption\":\"YOMLAB SCADA Technologies\"},\"image\":{\"@id\":\"https:\/\/yomscada.com\/#\/schema\/logo\/image\/\"}}]}<\/script>\n<!-- \/ Yoast SEO plugin. -->","yoast_head_json":{"title":"ANA SAYFA - YOMLAB SCADA Technologies","robots":{"index":"index","follow":"follow","max-snippet":"max-snippet:-1","max-image-preview":"max-image-preview:large","max-video-preview":"max-video-preview:-1"},"canonical":"https:\/\/yomscada.com\/","og_locale":"tr_TR","og_type":"article","og_title":"ANA SAYFA - YOMLAB SCADA Technologies","og_url":"https:\/\/yomscada.com\/","og_site_name":"YOMLAB SCADA Technologies","article_modified_time":"2022-11-07T07:05:18+00:00","twitter_card":"summary_large_image","twitter_misc":{"Tahmini okuma s\u00fcresi":"4 dakika"},"schema":{"@context":"https:\/\/schema.org","@graph":[{"@type":"WebPage","@id":"https:\/\/yomscada.com\/","url":"https:\/\/yomscada.com\/","name":"ANA SAYFA - YOMLAB SCADA Technologies","isPartOf":{"@id":"https:\/\/yomscada.com\/#website"},"datePublished":"2015-12-02T07:48:37+00:00","dateModified":"2022-11-07T07:05:18+00:00","breadcrumb":{"@id":"https:\/\/yomscada.com\/#breadcrumb"},"inLanguage":"tr","potentialAction":[{"@type":"ReadAction","target":["https:\/\/yomscada.com\/"]}]},{"@type":"BreadcrumbList","@id":"https:\/\/yomscada.com\/#breadcrumb","itemListElement":[{"@type":"ListItem","position":1,"name":"Ana sayfa","item":"https:\/\/yomscada.com\/"},{"@type":"ListItem","position":2,"name":"ANA SAYFA"}]},{"@type":"WebSite","@id":"https:\/\/yomscada.com\/#website","url":"https:\/\/yomscada.com\/","name":"YOMLAB SCADA Technologies","description":"YOM SCADA and Report Technologies","publisher":{"@id":"https:\/\/yomscada.com\/#organization"},"potentialAction":[{"@type":"SearchAction","target":{"@type":"EntryPoint","urlTemplate":"https:\/\/yomscada.com\/?s={search_term_string}"},"query-input":"required name=search_term_string"}],"inLanguage":"tr"},{"@type":"Organization","@id":"https:\/\/yomscada.com\/#organization","name":"YOMLAB SCADA Technologies","url":"https:\/\/yomscada.com\/","logo":{"@type":"ImageObject","inLanguage":"tr","@id":"https:\/\/yomscada.com\/#\/schema\/logo\/image\/","url":"https:\/\/i0.wp.com\/yomscada.com\/wp-content\/uploads\/2021\/01\/yom_mobile_logo.png?fit=376%2C114&ssl=1","contentUrl":"https:\/\/i0.wp.com\/yomscada.com\/wp-content\/uploads\/2021\/01\/yom_mobile_logo.png?fit=376%2C114&ssl=1","width":376,"height":114,"caption":"YOMLAB SCADA Technologies"},"image":{"@id":"https:\/\/yomscada.com\/#\/schema\/logo\/image\/"}}]}},"_links":{"self":[{"href":"https:\/\/yomscada.com\/index.php?rest_route=\/wp\/v2\/pages\/7"}],"collection":[{"href":"https:\/\/yomscada.com\/index.php?rest_route=\/wp\/v2\/pages"}],"about":[{"href":"https:\/\/yomscada.com\/index.php?rest_route=\/wp\/v2\/types\/page"}],"author":[{"embeddable":true,"href":"https:\/\/yomscada.com\/index.php?rest_route=\/wp\/v2\/users\/1"}],"replies":[{"embeddable":true,"href":"https:\/\/yomscada.com\/index.php?rest_route=%2Fwp%2Fv2%2Fcomments&post=7"}],"version-history":[{"count":30,"href":"https:\/\/yomscada.com\/index.php?rest_route=\/wp\/v2\/pages\/7\/revisions"}],"predecessor-version":[{"id":20221,"href":"https:\/\/yomscada.com\/index.php?rest_route=\/wp\/v2\/pages\/7\/revisions\/20221"}],"wp:attachment":[{"href":"https:\/\/yomscada.com\/index.php?rest_route=%2Fwp%2Fv2%2Fmedia&parent=7"}],"curies":[{"name":"wp","href":"https:\/\/api.w.org\/{rel}","templated":true}]}}